{"id":706,"date":"2010-06-23T19:09:14","date_gmt":"2010-06-23T17:09:14","guid":{"rendered":"http:\/\/www.masog.net"},"modified":"2010-06-23T19:09:14","modified_gmt":"2010-06-23T17:09:14","slug":"bandes-dessinees","status":"publish","type":"page","link":"http:\/\/masog.net\/wordpress\/bandes-dessinees\/","title":{"rendered":"Bandes Dessin\u00e9es"},"content":{"rendered":"<p>Te voici dans le coeur battant de Masog, un site consacr\u00e9 aux BD que  nous forgeons de joie coul\u00e9e dans l&rsquo;effort, m\u00e9lang\u00e9e \u00e0 une encre bien  noire. La visite sera simple, il y a trois parties: les STRIPS, les BD  en cours, les \u00e9pisodes complets.<br \/>\n<strong>Lis et laisse ton avis!<\/strong><\/p>\n<h1 style=\"text-align: center;\">\u2014\u2014\u2014\u2014\u2014 strips \u2014\u2014\u2014\u2014\u2014<\/h1>\n<blockquote>\n<p id=\"citation2\"><strong>\u00ab\u00a0Celui qui poursuit un r\u00eave n&rsquo;en d\u00e9sire pas, au  fond, la r\u00e9alisation : il veut seulement pouvoir continuer \u00e0 r\u00eaver .\u00a0\u00bb  Hugo Pratt .<\/strong><\/p>\n<\/blockquote>\n<h2><img loading=\"lazy\" decoding=\"async\" class=\"alignleft\" title=\"atroce_city_001.jpg\" src=\"http:\/\/www.masog.net\/bd\/uploads\/atroce_city\/.thumbs\/.atroce_city_001.jpg\" border=\"0\" alt=\"atroce_city_001.jpg\" hspace=\"0\" vspace=\"0\" width=\"40\" height=\"80\" \/><strong> Atroce City &#8211; <\/strong><a href=\"http:\/\/www.masog.net\/masog\/bd.php?bd=atrocecity&amp;o=1\">1\u00e8re  page<\/a> &#8211; <a href=\"http:\/\/www.masog.net\/masog\/bd.php?bd=atrocecity\">derni\u00e8re page<\/a><\/h2>\n<p>La BD m\u00e9rite mieux que Lis pas \u00e7a!<em> <\/em>Dessin et sc\u00e9nario d&rsquo;Eddy<em>.<\/em><br \/>\n<em><br \/>\n<\/em><br \/>\n<img loading=\"lazy\" decoding=\"async\" class=\"alignleft\" src=\"http:\/\/www.masog.net\/images\/thumbnails\/lispasca.jpg\" border=\"0\" alt=\"Lis  pas \u00e7a!\" width=\"40\" height=\"80\" \/><\/p>\n<h2><strong> Lis pas \u00e7a! &#8211; <\/strong><a href=\"http:\/\/www.masog.net\/masog\/bd.php?bd=lispasca1&amp;o=1\">1\u00e8re  page<\/a> &#8211; <a href=\"http:\/\/www.masog.net\/masog\/bd.php?bd=lispasca2\">derni\u00e8re page<\/a><\/h2>\n<p>La BD m\u00e9rite mieux que \u00e7a!<em> <\/em>Dessin et sc\u00e9nario d&rsquo;Alexandre.<br \/>\n<img loading=\"lazy\" decoding=\"async\" class=\"alignleft\" src=\"http:\/\/www.masog.net\/bd\/uploads\/365\/thumbnail_365.jpg\" border=\"0\" alt=\"Lis  pas \u00e7a!\" width=\"40\" height=\"80\" \/><\/p>\n<h2><strong> 365 &#8211; <\/strong><a href=\"http:\/\/www.masog.net\/masog\/bd.php?bd=strip365&amp;o=1\">1\u00e8re  page<\/a> &#8211; <a href=\"http:\/\/www.masog.net\/masog\/bd.php?bd=strip365\">derni\u00e8re page<\/a><\/h2>\n<p>7 dessins par semaine, regroup\u00e9s chaque fin de semaine en une planche<em>, <\/em>dessins d&rsquo;Alexandre<em>.<\/em><br \/>\n<em><br \/>\n<\/em><\/p>\n<h1 style=\"text-align: center;\">\u2014\u2014\u2014\u2014\u2014 \u00e9pisodes en cours \u2014\u2014\u2014\u2014\u2014<\/h1>\n<blockquote><p><strong>\u00ab\u00a0Je pense que les femmes seraient merveilleuses si tu  pouvais tomber dans leurs bras sans tomber entre leurs mains .\u00a0\u00bb<br \/>\nCorto Maltese, SOUS LE SIGNE DU CAPRICORNE d &lsquo;Hugo Pratt .<\/strong><\/p><\/blockquote>\n<p><img loading=\"lazy\" decoding=\"async\" class=\"alignleft\" src=\"http:\/\/www.masog.net\/images\/thumbnails\/mutantstitans.jpg\" border=\"0\" alt=\"Les Mutants Titans\" width=\"40\" height=\"80\" \/><\/p>\n<h2><strong> Les Mutants Titans<strong><strong><strong> &#8211; <\/strong><\/strong><\/strong><\/strong><a href=\"http:\/\/www.masog.net\/masog\/bd_alternative.php?t=mutantstitans.1.&amp;s=Les%20Mutants%20Titans&amp;p=17&amp;pa=0&amp;pd=0&amp;r=mutantstitans\">1\u00e8re  page<\/a><strong><strong><strong><strong>&#8211; <\/strong><\/strong><\/strong><\/strong><a href=\"http:\/\/www.masog.net\/masog\/bd_alternative.php?t=mutantstitans.1.&amp;s=Les%20Mutants%20Titans&amp;p=17&amp;pa=17&amp;pd=0&amp;r=mutantstitans\">derni\u00e8re  page<\/a><\/h2>\n<p>Pas d&rsquo;ANPE pour les h\u00e9ros. En cours, dessin et sc\u00e9nario d&rsquo;Eddy.<\/p>\n<p id=\"cotedroit\">\n<p><img loading=\"lazy\" decoding=\"async\" class=\"alignleft\" src=\"http:\/\/www.masog.net\/images\/thumbnails\/Y.jpg\" border=\"0\" alt=\"Y?\" width=\"40\" height=\"80\" \/><\/p>\n<h2><strong> Y?<strong> &#8211; <\/strong><\/strong><a href=\"http:\/\/www.masog.net\/masog\/bd_alternative.php?t=Y.1.&amp;s=Y?&amp;p=1&amp;pa=1&amp;pd=1&amp;r=Y\">1\u00e8re  page<\/a><strong><strong> &#8211; <\/strong><\/strong><a href=\"http:\/\/www.masog.net\/masog\/bd_alternative.php?t=Y.1.&amp;s=Y?&amp;p=1&amp;pa=1&amp;pd=1&amp;r=Y\">derni\u00e8re  page<\/a><\/h2>\n<p>Magie, baston, h\u00e9ro\u00efnes. Pas de verbe, pas de compl\u00e9ment. En suspens,  dessin et sc\u00e9nario d&rsquo;Alexandre.<\/p>\n<h1 style=\"text-align: center;\">\u2014\u2014\u2014\u2014\u2014 \u00e9pisodes complets \u2014\u2014\u2014\u2014\u2014<\/h1>\n<blockquote>\n<p id=\"textecouleur\"><strong>\u00ab\u00a0Je pense que les  BD d&rsquo;Alex seraient  formidables, si je pouvais les lire.\u00a0\u00bb <\/strong><\/p>\n<p id=\"textecouleur\"><strong>Eddy Van Leffe.<\/strong><\/p>\n<\/blockquote>\n<p><img loading=\"lazy\" decoding=\"async\" class=\"alignleft\" src=\"http:\/\/www.masog.net\/images\/thumbnails\/ankou.jpg\" border=\"0\" alt=\"CADRA21\" width=\"40\" height=\"80\" \/><\/p>\n<h2><strong>CADRA21<\/strong><\/h2>\n<p>Dans un monde abandonn\u00e9 par la foi, Cadra va remettre de l&rsquo;ordre. Ce  monde, c&rsquo;est le notre.<br \/>\n<a title=\"CADRA21 \u00e9pisode 1\" href=\"http:\/\/www.masog.net\/masog\/bd.php?bd=cadra1\">CADRA21, \u00e9pisode 1<\/a>,  10 pages, dessin et sc\u00e9nario d&rsquo;Eddy.<br \/>\n<a href=\"http:\/\/www.masog.net\/masog\/bd.php?bd=cadra2\">CADRA21, \u00e9pisode 2 <\/a>,  10 pages, dessin et sc\u00e9nario d&rsquo;Eddy.<br \/>\n<a href=\"http:\/\/www.masog.net\/masog\/bd.php?bd=cadra3\">CADRA21, \u00e9pisode 3<\/a>,  10 pages, dessin et sc\u00e9nario d&rsquo;Eddy.<br \/>\n<a href=\"http:\/\/www.masog.net\/masog\/bd.php?bd=cadra4\">CADRA21, \u00e9pisode 4<\/a>,10  pages, dessin et sc\u00e9nario d&rsquo;Eddy.<br \/>\n<a href=\"http:\/\/www.masog.net\/masog\/bd.php?bd=cadra5\">CADRA21, \u00e9pisode 5<\/a>,10  pages, dessin d&rsquo;Eddy et sc\u00e9nario de Fr\u00e9d\u00e9ric.<br \/>\n<a href=\"http:\/\/www.masog.net\/masog\/bd.php?bd=cadra5bis\">CADRA21,  \u00e9pisode 5 alternatif<\/a>,10 pages, dessin d&rsquo;Alexandre et sc\u00e9nario de  Fr\u00e9d\u00e9ric.<br \/>\n<a href=\"http:\/\/www.masog.net\/masog\/bd.php?bd=cadra6\">CADRA21, \u00e9pisode 6<\/a>,10  pages, dessin et sc\u00e9nario d&rsquo;Eddy.<br \/>\n<a href=\"http:\/\/www.masog.net\/masog\/bd.php?bd=cadra7\">CADRA21, \u00e9pisode 7<\/a>,10  pages, dessin et sc\u00e9nario d&rsquo;Eddy.<br \/>\n<a href=\"http:\/\/www.masog.net\/masog\/bd.php?bd=cadra8\">CADRA21, \u00e9pisode 8<\/a>,  dessin et sc\u00e9nario d&rsquo;Eddy.<br \/>\n<a href=\"http:\/\/www.masog.net\/masog\/bd.php?bd=cadra9\">CADRA21, \u00e9pisode 9<\/a>,10  pages, dessin et sc\u00e9nario d&rsquo;Eddy.<br \/>\n<img loading=\"lazy\" decoding=\"async\" class=\"alignleft\" src=\"http:\/\/www.masog.net\/images\/thumbnails\/goldorak.jpg\" border=\"0\" alt=\"Goldorak\" width=\"40\" height=\"80\" \/><\/p>\n<h2><strong> Goldorak &#8211; <\/strong><a href=\"http:\/\/www.masog.net\/masog\/bd.php?bd=goldorak1&amp;o=1\">1\u00e8re  page<\/a> &#8211; <a href=\"http:\/\/www.masog.net\/masog\/bd.php?bd=goldorak1\">derni\u00e8re page<\/a><\/h2>\n<p>Le dojinshi nostalgique. En cours, dessin de Flo et sc\u00e9nario d&rsquo;Eddy.<br \/>\n<img loading=\"lazy\" decoding=\"async\" class=\"alignleft\" src=\"http:\/\/www.masog.net\/images\/thumbnails\/supercharlotte.jpg\" border=\"0\" alt=\"Super Charlotte\" width=\"40\" height=\"80\" \/><\/p>\n<h2><strong>Super  Charlotte<\/strong><\/h2>\n<p>Ceci n&rsquo;est pas un manga sur le volley-ball !! Charlotte, serveuse  dans une brasserie, d\u00e9cide de devenir la super-h\u00e9ro\u00efne d&rsquo;Hazebrouck.  R\u00e9alisera t elle son r\u00eave ?<br \/>\n<a href=\"http:\/\/www.masog.net\/masog\/bd.php?bd=supercharlotte1\">Super  Charlotte, \u00e9pisode 1<\/a>, 20 pages, dessin et sc\u00e9nario de Flo Stella.<br \/>\n<a href=\"http:\/\/www.masog.net\/masog\/bd.php?bd=supercharlotte2\">Super  Charlotte, \u00e9pisode 2<\/a>, 20 pages, dessin et sc\u00e9nario de Flo Stella.<br \/>\n<a href=\"http:\/\/www.masog.net\/masog\/bd.php?bd=supercharlotte3\">Super  Charlotte, \u00e9pisode 3<\/a>, 20 pages, dessin et sc\u00e9nario de Flo Stella.<\/p>\n<h2><strong>The  Host<\/strong><\/h2>\n<p><a href=\"http:\/\/www.masog.net\/masog\/bd_alternative.php?t=THE_HOST_&amp;s=The%20Host&amp;p=6&amp;pa=1&amp;pd=1&amp;r=thehost\">The  Host<\/a>, sc\u00e9nario et dessin d&rsquo;Eddy<\/p>\n<h2><strong>Le  r\u00e9veil d&rsquo;Ashoka<\/strong><\/h2>\n<p><a href=\"http:\/\/www.masog.net\/masog\/bd_alternative.php?t=ashoka_&amp;s=Ashoka&amp;p=6&amp;pa=1&amp;pd=1&amp;r=ashoka\">Le  r\u00e9veil d&rsquo;Ashoka<\/a>, sc\u00e9nario et dessin d&rsquo;Alexandre.<br \/>\n<img loading=\"lazy\" decoding=\"async\" src=\"http:\/\/www.masog.net\/images\/thumbnails\/trueworld_small.jpg\" border=\"0\" alt=\"True World\" width=\"40\" height=\"80\" align=\"left\" \/><\/p>\n<h2><strong>True  World<\/strong><\/h2>\n<p>La vie de R\u00e9gis bascule brusquement de l&rsquo;autre c\u00f4t\u00e9, celui o\u00f9 m\u00eame le  pire tablo\u00efd a des relents de v\u00e9rit\u00e9.<br \/>\n<a href=\"http:\/\/www.masog.net\/masog\/bd_alternative.php?t=trueworld1_&amp;s=True%20World&amp;p=22&amp;pa=1&amp;pd=1&amp;r=trueworld1_\">True  World \u00e9pisode 1<\/a>, 22 pages, dessin et sc\u00e9nario d&rsquo;Eddy.<br \/>\n<a href=\"http:\/\/www.masog.net\/masog\/bd_alternative.php?t=trueworld2_&amp;s=True%20World&amp;p=22&amp;pa=1&amp;pd=1&amp;r=trueworld2_\">True  World \u00e9pisode 2<\/a>, 22 pages, dessin et sc\u00e9nario d&rsquo;Eddy.<br \/>\n<img loading=\"lazy\" decoding=\"async\" src=\"http:\/\/www.masog.net\/images\/thumbnails\/Bathory_small.jpg\" border=\"0\" alt=\"Je suis Bathory\" width=\"40\" height=\"80\" align=\"left\" \/><\/p>\n<h2><strong>Je  suis Bathory<\/strong><\/h2>\n<p>Une comtesse c\u00e9l\u00e8bre pour ses go\u00fbts&#8230; particuliers.<br \/>\n<a href=\"http:\/\/www.masog.net\/masog\/bd_alternative.php?t=Bathory_&amp;s=Je%20suis%20Bathory&amp;p=16&amp;pa=1&amp;pd=1&amp;r=bathory\">Je  suis Bathory<\/a>, 16 pages, dessin et sc\u00e9nario d&rsquo;Eddy.<br \/>\n<img loading=\"lazy\" decoding=\"async\" class=\"alignleft\" src=\"http:\/\/www.masog.net\/images\/thumbnails\/hhlupus_small.jpg\" border=\"0\" alt=\"Homo homini lupus\" width=\"40\" height=\"80\" \/><\/p>\n<h2><strong>Homo  homini lupus<\/strong><\/h2>\n<p>L&rsquo;homme est un loup pour l&rsquo;homme.<br \/>\n<a href=\"http:\/\/www.masog.net\/masog\/bd_alternative.php?t=hhlupus_&amp;s=Homo%20homini%20lupus&amp;p=16&amp;pa=1&amp;pd=1&amp;r=hhlupus\">Homo  homini lupus<\/a>, 16 pages, dessin et sc\u00e9nario d&rsquo;Alexandre.<br \/>\n<img loading=\"lazy\" decoding=\"async\" class=\"alignleft\" src=\"http:\/\/www.masog.net\/images\/thumbnails\/avengers.jpg\" border=\"0\" alt=\"Avengers the Dojinshi\" width=\"40\" height=\"80\" \/><\/p>\n<h2><strong>Avengers  the Dojinshi<\/strong><\/h2>\n<p>Une parodie du comics des Vengeurs, par un fan, pour les fans qui  aiment les fans. Comme disait Dijiko dans Digi Charat, &lsquo;j&rsquo;en ferais bien  un dojinshi bien crade&rsquo;<br \/>\n<a href=\"http:\/\/www.masog.net\/masog\/bd_alternative.php?t=avengers01_&amp;s=Avengers%20the%20Dojinshi&amp;p=15&amp;pa=1&amp;pd=1&amp;r=avengers\">Avengers<\/a>,  <a href=\"http:\/\/www.masog.net\/masog\/bd_alternative.php?texte=avengers01_&amp;t=avengers01_&amp;s=Avengers%20the%20Dojinshi&amp;p=15&amp;pa=1&amp;pd=1&amp;r=avengers\">(lire  la pr\u00e9face)<\/a>, 14 pages, dessin et sc\u00e9nario d&rsquo;Eddy.<br \/>\n<img loading=\"lazy\" decoding=\"async\" class=\"alignleft\" src=\"http:\/\/www.masog.net\/images\/thumbnails\/masog.jpg\" border=\"0\" alt=\"Masog\" width=\"40\" height=\"80\" \/><\/p>\n<h2><strong>Masog<\/strong><\/h2>\n<p>Masog ne peut \u00eatre d\u00e9montr\u00e9, il faut avoir la foi. Moi, j&rsquo;y cr\u00f4a !<br \/>\n<a href=\"http:\/\/www.masog.net\/masog\/bd_alternative.php?t=masog1_&amp;s=Masog&amp;p=17&amp;pa=1&amp;pd=1&amp;r=masog\">Masog,  \u00e9pisode 1<\/a>, 16 pages, dessin Flo Stella et sc\u00e9nario d&rsquo;Eddy.<br \/>\n<img loading=\"lazy\" decoding=\"async\" class=\"alignleft\" src=\"http:\/\/www.masog.net\/images\/thumbnails\/moinechat.gif\" border=\"0\" alt=\"Le  Moine et les Chats\" width=\"40\" height=\"80\" \/><\/p>\n<h2><strong>Le  Moine et les Chats<\/strong><\/h2>\n<p>Une br\u00e8ve histoire sur les r\u00eaves, ceux que nous faisons et ceux que  nous vivons.<br \/>\n<a href=\"http:\/\/www.masog.net\/masog\/bd_alternative.php?t=moinechats1_&amp;s=Le%20Moine%20et%20les%20Chats&amp;p=5&amp;pa=1&amp;pd=1&amp;r=moinechat\">Le  Moine et les Chats<\/a>, 5 pages, dessin et sc\u00e9nario d&rsquo;Alexandre.<\/p>\n","protected":false},"excerpt":{"rendered":"<p>Te voici dans le coeur battant de Masog, un site consacr\u00e9 aux BD que nous forgeons de joie coul\u00e9e dans l&rsquo;effort, m\u00e9lang\u00e9e \u00e0 une encre bien noire. La visite sera simple, il y a trois parties: les STRIPS, les BD en cours, les \u00e9pisodes complets. Lis et laisse ton avis! \u2014\u2014\u2014\u2014\u2014 strips \u2014\u2014\u2014\u2014\u2014 \u00ab\u00a0Celui qui [&hellip;]<\/p>\n","protected":false},"author":1,"featured_media":1749,"parent":0,"menu_order":0,"comment_status":"open","ping_status":"open","template":"","meta":{"footnotes":""},"class_list":["post-706","page","type-page","status-publish","has-post-thumbnail","hentry"],"_links":{"self":[{"href":"http:\/\/masog.net\/wordpress\/wp-json\/wp\/v2\/pages\/706","targetHints":{"allow":["GET"]}}],"collection":[{"href":"http:\/\/masog.net\/wordpress\/wp-json\/wp\/v2\/pages"}],"about":[{"href":"http:\/\/masog.net\/wordpress\/wp-json\/wp\/v2\/types\/page"}],"author":[{"embeddable":true,"href":"http:\/\/masog.net\/wordpress\/wp-json\/wp\/v2\/users\/1"}],"replies":[{"embeddable":true,"href":"http:\/\/masog.net\/wordpress\/wp-json\/wp\/v2\/comments?post=706"}],"version-history":[{"count":0,"href":"http:\/\/masog.net\/wordpress\/wp-json\/wp\/v2\/pages\/706\/revisions"}],"wp:featuredmedia":[{"embeddable":true,"href":"http:\/\/masog.net\/wordpress\/wp-json\/wp\/v2\/media\/1749"}],"wp:attachment":[{"href":"http:\/\/masog.net\/wordpress\/wp-json\/wp\/v2\/media?parent=706"}],"curies":[{"name":"wp","href":"https:\/\/api.w.org\/{rel}","templated":true}]}}