{"id":21,"date":"2007-06-19T23:10:08","date_gmt":"2007-06-19T21:10:08","guid":{"rendered":"http:\/\/www.masog.net\/bd\/?page_id=21"},"modified":"2007-06-19T23:10:08","modified_gmt":"2007-06-19T21:10:08","slug":"premiere-visite","status":"publish","type":"page","link":"http:\/\/masog.net\/wordpress\/premiere-visite\/","title":{"rendered":"Premi\u00e8re visite?"},"content":{"rendered":"<blockquote>\n<p class=\"MsoNormal\" align=\"center\"><strong>\u00ab J\u2019ai une th\u00e9orie l\u00e0-dessus. <\/strong><\/p>\n<p class=\"MsoNormal\" align=\"center\"><strong>Vous \u00eates le syst\u00e8me immunitaire de l\u2019humanit\u00e9. \u00bb <\/strong><\/p>\n<p class=\"MsoNormal\" align=\"center\"><strong>(le Batteur dans Planetary) <\/strong><\/p>\n<\/blockquote>\n<p class=\"MsoNormal\">Si t\u2019as \u00e9t\u00e9 assez malin pour arriver sur ce site, tu dois r\u00e9aliser que t\u2019es pas l\u00e0 par hasard.<\/p>\n<p class=\"MsoNormal\">Des histoires \u00e0 couper le souffle\u2026 des dessins avant-gardistes\u2026 des auteurs brillants et humbles. Tu trouveras un peu de tout \u00e7a sur ce site qui regroupe nos bandes dessin\u00e9es.<\/p>\n<p class=\"MsoNormal\">Parfois, \u00e0 vrai dire, la seule chose qui nous emp\u00eache de perdre l\u2019esprit est de dessiner des hommes d\u00e9guis\u00e9s en chauve-souris. Tu vois le genre.<\/p>\n<p class=\"MsoNormal\">T\u2019attends quoi, l\u00e0, le g\u00e9n\u00e9rique de fin ? Va vite lire <a title=\"Nos BD\" href=\"..\/bandes-dessinees\">une de nos bd<\/a>. Et si t\u2019aimes ce que tu lis, mets vite ce site dans tes Favoris, reviens souvent, et parle en autour de toi. Tes amis te seront reconnaissants de l\u2019avoir fait. Parole.<\/p>\n","protected":false},"excerpt":{"rendered":"<p>\u00ab J\u2019ai une th\u00e9orie l\u00e0-dessus. Vous \u00eates le syst\u00e8me immunitaire de l\u2019humanit\u00e9. \u00bb (le Batteur dans Planetary) Si t\u2019as \u00e9t\u00e9 assez malin pour arriver sur ce site, tu dois r\u00e9aliser que t\u2019es pas l\u00e0 par hasard. Des histoires \u00e0 couper le souffle\u2026 des dessins avant-gardistes\u2026 des auteurs brillants et humbles. Tu trouveras un peu de [&hellip;]<\/p>\n","protected":false},"author":1,"featured_media":0,"parent":0,"menu_order":2,"comment_status":"open","ping_status":"open","template":"","meta":{"footnotes":""},"class_list":["post-21","page","type-page","status-publish","hentry"],"_links":{"self":[{"href":"http:\/\/masog.net\/wordpress\/wp-json\/wp\/v2\/pages\/21","targetHints":{"allow":["GET"]}}],"collection":[{"href":"http:\/\/masog.net\/wordpress\/wp-json\/wp\/v2\/pages"}],"about":[{"href":"http:\/\/masog.net\/wordpress\/wp-json\/wp\/v2\/types\/page"}],"author":[{"embeddable":true,"href":"http:\/\/masog.net\/wordpress\/wp-json\/wp\/v2\/users\/1"}],"replies":[{"embeddable":true,"href":"http:\/\/masog.net\/wordpress\/wp-json\/wp\/v2\/comments?post=21"}],"version-history":[{"count":0,"href":"http:\/\/masog.net\/wordpress\/wp-json\/wp\/v2\/pages\/21\/revisions"}],"wp:attachment":[{"href":"http:\/\/masog.net\/wordpress\/wp-json\/wp\/v2\/media?parent=21"}],"curies":[{"name":"wp","href":"https:\/\/api.w.org\/{rel}","templated":true}]}}