{"id":19,"date":"2007-06-17T23:30:37","date_gmt":"2007-06-17T21:30:37","guid":{"rendered":"http:\/\/www.masog.net\/bd\/?page_id=19"},"modified":"2007-06-17T23:30:37","modified_gmt":"2007-06-17T21:30:37","slug":"lutins","status":"publish","type":"page","link":"http:\/\/masog.net\/wordpress\/textes\/lutins\/","title":{"rendered":"LUTINS"},"content":{"rendered":"<p id=\"citation2\" align=\"center\"><em>une petite nouvelle illustr\u00e9e<\/em><\/p>\n<p align=\"center\"><img loading=\"lazy\" decoding=\"async\" src=\"http:\/\/www.masog.net\/images\/images\/rougegorge.gif\" height=\"207\" width=\"200\" \/><\/p>\n<p align=\"left\"><font size=\"2\">Comme chaque matin, le rouge-gorge descendit          de son arbre et frappa \u00e0 la fen\u00eatre de celui o\u00f9 Tim s\u2019\u00e9tait taill\u00e9          une maison. Celui-ci, ayant dans\u00e9 toute la nuit en compagnie de ses fr\u00e8res          lutins, comme \u00e0 son habitude, ouvrit p\u00e9niblement les yeux et sourit en          voyant appara\u00eetre aux carreaux la t\u00eate \u00e9norme de son ami, qui tentait          de son oeil inquisiteur de percer les secrets de la tani\u00e8re de Tim.<\/font><\/p>\n<p><font size=\"2\"><font color=\"#666699\">\u00ab Maudite t\u00eate de piaf ! \u00bb<\/font> grommela-t-il          dans sa barbe de jeune lutin, qu\u2019il avait fort courte. Tout au plus          lui descendait-elle \u00e0 la ceinture, signe qu\u2019il n\u2019avait pas plus          d\u2019un si\u00e8cle. En r\u00e9alit\u00e9, Tim n\u2019\u00e9tait pas f\u00e2ch\u00e9 d\u2019\u00eatre ainsi          r\u00e9veill\u00e9, jour apr\u00e8s jour, par son fid\u00e8le compagnon. Il sauta hors de          son lit et \u00e9changea son bonnet de nuit avec son bonnet de jour. Bien malin          qui aurait pu les distinguer, mais telles \u00e9taient les traditions de ces          petits gn\u00f4mes forestiers. Il ouvrit la porte de son arbre et s\u2019\u00e9tira          en respirant \u00e0 fond. Une belle journ\u00e9e en perspective, pensa-t-il. C\u2019est          alors que l\u2019horreur s\u2019abattit d\u2019un coup sur le rouge-gorge.          Celui-ci vint atterrir aux pieds de Tim, le corps ensanglant\u00e9, l\u2019oeil          r\u00e9vuls\u00e9, et le lutin r\u00e9alisa soudain qu\u2019il \u00e9tait mort. Tim se tourna          vers la sombre cr\u00e9ature qui venait de les agresser.<\/font><br \/>\n<font size=\"2\"><font color=\"#666699\">\u00ab Par mes anc\u00eatres, je vais te faire regretter cette          vilenie, engeance de Lucifer, sorci\u00e8re malfaisante !\u00bb <\/font>s\u2019\u00e9cria          avec col\u00e8re la petite cr\u00e9ature. Elle entamait \u00e0 peine une puissante mal\u00e9diction          apprise aupr\u00e8s d\u2019un des Anciens de son clan, capable de retourner          l\u2019ext\u00e9rieur d\u2019un \u00eatre dans son dedans, quand la cr\u00e9ature fondit          sur elle et la d\u00e9chiqueta de ses griffes. <\/font><br \/>\n<!-- #EndEditable --><!-- #BeginEditable \"texte\" --><\/p>\n<p align=\"center\"><img loading=\"lazy\" decoding=\"async\" src=\"http:\/\/www.masog.net\/images\/images\/ancien.gif\" height=\"236\" width=\"200\" \/><br \/>\n<font color=\"#666699\" size=\"2\">\u00ab Il a \u00e9t\u00e9 tu\u00e9 par un loup, c\u2019est          \u00e9vident,<\/font><font size=\"2\"> grommela l\u2019Ancien, <font color=\"#666699\">ou          par un renard. Sires loup et goupil s\u2019entendent forts bien \u00e0 pi\u00e9ger          les lutins, car ils ne les aiment gu\u00e8re. \u00bb<br \/>\n<\/font><br \/>\nPom regardait l\u2019Ancien avec un int\u00e9r\u00eat peu sinc\u00e8re mais bien simul\u00e9.          Il se garda bien de lui faire remarquer que les renards \u00e9taient devenus          forts rares en cette contr\u00e9e. Quant aux loups, il fallait aller les chercher          dans les zoos. Pom savait qu\u2019on ne l\u2019\u00e9couterait pas, mais il          risqua malgr\u00e9 tout un avis :<\/font><br \/>\n<font size=\"2\"><font color=\"#666699\">\u00ab Mais l\u2019oiseau aussi a \u00e9t\u00e9 tu\u00e9, et c\u2019est          le troisi\u00e8me meurtre de lutin cette semaine, alors on peut concevoir que          ce soit un plan dirig\u00e9 contre nous et &#8230; \u00bb<\/font><\/font><br \/>\n<font size=\"2\"><font color=\"#666699\">\u00ab Vraiment ?<\/font> lui r\u00e9pondit l\u2019Ancien en          se tournant vers lui. <font color=\"#666699\">Et qui donc, je te prie, voudrait          notre perte au point de nous tuer les uns apr\u00e8s les autres en ne laissant          jamais aucun t\u00e9moin ? Nos clans sont en paix depuis des si\u00e8cles, et l\u2019homme,          ce singe savant, a oubli\u00e9 jusqu\u2019\u00e0 notre existence qu\u2019il nomme          des contes de f\u00e9es. Nous vivons libres et cach\u00e9s, et ces trois morts ne          sont que co\u00efncidences et malheureux hasards. Maintenant laisse moi seul,          je vais utiliser ma magie pour retrouver le coupable. \u00bb<\/font><\/font><br \/>\n<font size=\"2\"><font color=\"#666699\">\u00ab Plus d\u2019ennemis ? Vous oubliez le Roi Noir          ! \u00bb<\/font><\/font><br \/>\n<font size=\"2\">L\u2019Ancien manqu\u00e2t s\u2019\u00e9trangler d\u2019indignation.<br \/>\n<font color=\"#666699\">\u00ab Ne parle pas de ce que tu ignores, mis\u00e9rable !          Il fut, est et restera \u00e0 jamais prisonnier de la terre sur laquelle nous          marchons. Tu n\u2019\u00e9tais m\u00eame pas n\u00e9 quand nous l\u2019avons enferm\u00e9          par un antique rituel, afin de prot\u00e9ger le monde de notre souverain devenu          fou. Il ne peut se r\u00e9veiller, alors que je ne t\u2019entende plus jamais          en parler ! \u00bb<\/font><\/font><br \/>\n<font size=\"2\">Pom se le tint pour dit, ajusta son bonnet et partit en          courant vaquer \u00e0 d\u2019autres occupations. L\u2019Ancien soupira, tandis          que Pom disparaissait au coin d\u2019un arbre. Oui, il se souvenait fort          bien du Roi Noir, cet \u00eatre f\u00e9erique qui avait con\u00e7u la folle pr\u00e9tention          de les gouverner tous, lutins, animaux, la nature m\u00eame ! Mais il savait          aussi que son exil \u00e9tait d\u00e9finitif. L\u2019Ancien ferma les yeux tandis          qu\u2019il recherchait au plus profond de ses souvenirs la formule permettant          d\u2019appeler les f\u00e9roces pr\u00e9dateurs des bois. Il commen\u00e7a \u00e0 chanter.<br \/>\n<\/font><\/p>\n<p align=\"center\"><img loading=\"lazy\" decoding=\"async\" src=\"http:\/\/www.masog.net\/images\/images\/lupus.gif\" align=\"texttop\" height=\"150\" width=\"200\" \/><\/p>\n<p align=\"left\"><font size=\"2\">Le premier \u00e0 r\u00e9pondre \u00e0 son appel fut le          loup. Il arriva l\u2019oeil brillant, la langue pendante d\u2019avoir          tant couru, et regarda le vieux et v\u00e9n\u00e9rable lutin avec irritation.<\/font><\/p>\n<p><font size=\"2\"><font color=\"#666699\">\u00ab Pourquoi m\u2019avoir d\u00e9rang\u00e9 ?<\/font> commen\u00e7a-t-il.          <font color=\"#666699\">Je pourrais te croquer d\u2019une bouch\u00e9e, vieille          branche ! \u00bb<\/font><\/font><br \/>\n<font size=\"2\"><font color=\"#666699\">\u00ab Mais tu ne le feras pas,<\/font> le mena\u00e7a l\u2019Ancien,          <font color=\"#666699\">car tu sais ce que tu risques \u00e0 menacer un lutin          ! \u00bb<\/font><\/font><br \/>\n<font size=\"2\">Le loup comprit qu\u2019il n\u2019aurait pas le dessus par la force. Puisqu\u2019il          faut ruser, se dit-il, et bien soit ! Rusons donc.<\/font><br \/>\n<font size=\"2\"><font color=\"#666699\">\u00ab Que vas tu encore me reprocher, \u00e0 moi qui vous          ai toujours fait maints manifestations d\u2019amiti\u00e9. Je ne d\u00e9sire que          vivre en bon terme avec votre peuple et&#8230; \u00bb<\/font><\/font><br \/>\n<font size=\"2\"><font color=\"#666699\">\u00ab Assez ! As tu oui ou non tu\u00e9 trois lutins cette semaine ? R\u00e9ponds la          v\u00e9rit\u00e9, sire loup, et je saurais peut \u00eatre me montrer cl\u00e9ment.\u00bb<\/font><\/font><br \/>\n<font size=\"2\">Le loup n\u2019eut pas le temps de r\u00e9pondre : une forme noire venait d\u2019\u00e9craser          le v\u00e9n\u00e9rable Ancien, qui luttait contre un torrent de crocs et de griffes.          Il s\u2019y noya bient\u00f4t, et le loup se retrouva seul avec l\u2019agresseur.<\/font><br \/>\n<font size=\"2\"><font color=\"#666699\">\u00ab D\u00e9sol\u00e9 de n\u2019avoir pu t\u2019aider,<\/font>          commen\u00e7a le loup, <font color=\"#666699\">mais laisse moi r\u00e9parer cette          erreur en d\u00e9chiquetant ce corps avec toi, et&#8230; \u00bb<\/font><\/font><br \/>\n<font size=\"2\"><font color=\"#666699\">\u00ab Je ne partage pas. Jamais, avec personne. Surtout          pas avec un r\u00eave de vieux lutin, qui d\u00e9j\u00e0 s\u2019efface. \u00bb<\/font> lui          r\u00e9pondit, dans cette langue commune aux animaux et aux f\u00e9es, le sinistre          assassin. <\/font> <font size=\"2\">Le monstre commen\u00e7a \u00e0 se nourrir, tandis          que le loup le couvrait d\u2019injure, le mordait en vain, et constatait          avec tristesse qu\u2019il n\u2019\u00e9tait qu\u2019un mirage issu des r\u00eaves          d\u2019un vieux lutin s\u00e9nile. Il finit par s\u2019effacer tout \u00e0 fait,          tandis que le tueur regagnait les sous bois.<\/font><\/p>\n<p align=\"center\"><font size=\"2\"><br \/>\n<\/font><img loading=\"lazy\" decoding=\"async\" src=\"http:\/\/www.masog.net\/images\/images\/lutin.gif\" height=\"297\" width=\"200\" \/><br \/>\n<font color=\"#666699\" size=\"2\">\u00ab C\u2019est assez ! \u00bb<\/font><font size=\"2\">          cria Pom du champignon o\u00f9 il s\u2019\u00e9tait perch\u00e9.<\/font><br \/>\n<font size=\"2\">La foule des lutins ce soir l\u00e0 ne dansait pas. Ils s\u2019\u00e9taient rassembl\u00e9s          en cercle \u00e0 la lueur des \u00e9toiles et tenaient conseil. L\u2019affaire \u00e9tait          grave : quatre lutins morts, dont un Ancien, et un tueur en vadrouille,          qui pourrait bien \u00eatre le vieux roi des lutins revenu se venger. Oui,          les lutins en avait assez et \u00e9taient d\u00e9cid\u00e9s \u00e0 prendre les devants.<\/font><br \/>\n<font size=\"2\"><font color=\"#666699\">\u00ab C\u2019est assez !<\/font> reprit une nouvelle          fois Pom \u00e0 l\u2019adresse des Anciens r\u00e9unis l\u00e0. <font color=\"#666699\">C\u2019est          le Roi Noir, c\u2019est \u00e9vident. Il aura trouv\u00e9 le moyen de se lib\u00e9rer,          ou bien quelqu\u2019un l\u2019aura fait pour lui. \u00bb<\/font><\/font><br \/>\n<font size=\"2\">La foule murmura. Un tra\u00eetre, parmi eux ? La chose \u00e9tait inconcevable.<\/font><br \/>\n<font size=\"2\"><font color=\"#666699\">\u00ab Il existe,<\/font> poursuivit Pom, qui d\u00e9lirait          presque tant il \u00e9tait excit\u00e9 d\u2019\u00eatre enfin pris au s\u00e9rieux par ses          pairs plus \u00e2g\u00e9s, <font color=\"#666699\">une formule consign\u00e9e sur les antiques          tablettes du clan, qui contraint tout assassin de lutin \u00e0 appara\u00eetre sur          le champ. Utilisons la et nous serons fix\u00e9s. \u00bb<\/font><\/font><br \/>\n<font size=\"2\">Les Anciens se regard\u00e8rent les uns les autres. Ils se souvenaient bien          de cette formule mais nul ne l\u2019avait plus utilis\u00e9e depuis des si\u00e8cles,          la criminalit\u00e9 \u00e9tant inexistante chez les lutins. Malgr\u00e9 tout il fallait          agir : un jeune lutin se rendit dans la grotte aux ours, que nul ours          ne gardait plus depuis des si\u00e8cles, et en ramen\u00e2t les pr\u00e9cieuses tablettes          du clan, o\u00f9 \u00e9tait consign\u00e9 le savoir de leur civilisation. Le doyen des          Ancien prit la tablette, rajusta ses fines lunettes sur son long nez et          commen\u00e7a la lecture, tandis que la tension augmentait chez les lutins,          jeunes et Anciens confondus.<\/font><\/p>\n<p align=\"center\"> <img loading=\"lazy\" decoding=\"async\" src=\"http:\/\/www.masog.net\/images\/images\/roinoir.gif\" height=\"221\" width=\"150\" \/><\/p>\n<p><font size=\"2\">Bien que tous s\u2019y soit pr\u00e9par\u00e9s, l\u2019arriv\u00e9e du          Roi Noir leur gla\u00e7a le sang. V\u00eatu d\u2019un lourd manteau de chasse noir          et coiff\u00e9 d\u2019une couronne sombre orn\u00e9e de rubis en guise de bonnet,          il les contemplait avec d\u00e9dain, un sourire cruel au coin des l\u00e8vres. On          sentait toutefois que quelque chose le d\u00e9rangeait.<\/font><br \/>\n<font size=\"2\"><font color=\"#666699\">\u00ab Pourquoi m\u2019avoir lib\u00e9r\u00e9 par cette incantation,          mille lutins ! Faut-il que vous soyez stupides pour appeler des tueurs          de lutin l\u00e0 o\u00f9 g\u00eet le plus grand d\u2019entre eux ! \u00bb<\/font><\/font><br \/>\n<font size=\"2\">C\u2019est alors qu\u2019attir\u00e9 par la formule arriva le tueur. Les lutins          virent d\u2019abord son pelage lustr\u00e9 briller \u00e0 la lumi\u00e8re des \u00e9toiles,          puis ils distingu\u00e8rent sa fine t\u00eate triangulaire, son air innocent et          amus\u00e9, ses longues et fr\u00e9tillantes moustaches&#8230;<\/font><br \/>\n<font size=\"2\"><font color=\"#666699\">\u00ab Un chat ! Vous m\u2019avez confondu avec un vulgaire          tueur de rat !<\/font> s\u2019offusqua le Roi Noir. <font color=\"#666699\">Et          bien soit ! Je vais vous faire payer tant de l\u00e9g\u00e8ret\u00e9 ! \u00bb<\/font><\/font><br \/>\n<font size=\"2\">Les Anciens foudroy\u00e8rent Pom du regard, qui aurait \u00e0 cet instant souhait\u00e9          \u00eatre en pierre. Puis ils se tourn\u00e8rent vers le Roi et se mirent \u00e0 chanter.          H\u00e9las pour eux, l\u2019\u00e2ge joue des tours. Le Roi Noir, endormi pendant          des si\u00e8cles, se rappelait les chants de guerre et les mal\u00e9dictions du          clan comme si il les avait chant\u00e9s hier, ce qui d\u2019une certaine fa\u00e7on          \u00e9tait le cas. Une col\u00e8re s\u00e9culaire vaut plus que des trous de m\u00e9moire          : les Anciens furent battus. Mais Pom vit son voeu exauc\u00e9, il fut chang\u00e9          en pierre, avec le reste du clan. Le Roi contempla alors son oeuvre.<br \/>\n<\/font> <font size=\"2\"><br \/>\n<font color=\"#666699\">\u00ab Vous ne valez pas les alignements de Carnac, c\u2019est          s\u00fbr,<\/font> se moqua-t-il de ses anciens sujets p\u00e9trifi\u00e9s. <font color=\"#666699\">Il          est regrettable que je n\u2019ai pas eu le temps d\u2019user de ce charme          qui change les lutins en pierre, lors de notre premier affrontement. Que          de temps perdu pour moi ! Adieu, donc, mes vassaux. Vous n\u2019\u00eates que          les premi\u00e8res victimes d\u2019une longue s\u00e9rie ! \u00bb<\/font><\/font><br \/>\n<font size=\"2\">Sur ce dernier sarcasme il se drapa dans sa cape et partit d\u2019un pas          majestueux vers les cit\u00e9s des hommes. Mais tout conte a une morale, et          celui ci ne fait pas exception : un sort p\u00e9trifiant les lutin fait bien          rire les chats. Tandis que le nouveau ma\u00eetre du monde se h\u00e2tait d\u2019un          pas rapide, oublieux du ridicule f\u00e9lin, le jeune chat tournait vers son          dos des yeux de chasseur. Il se ramassa sur lui-m\u00eame, remua nerveusement          la queue et bondit. <\/font><\/p>\n<p align=\"left\"><font size=\"2\"><br \/>\nLa morale, donc : celui qui a trop peur du danger va de Charybde en Scylla          pour l\u2019\u00e9viter, mais \u00e0 ignorer la peur il en court un tr\u00e8s grand.          Soyons donc comme ce chat, courageux mais prudent.<\/font><\/p>\n<p align=\"center\"><img loading=\"lazy\" decoding=\"async\" src=\"http:\/\/www.masog.net\/images\/images\/chat.gif\" height=\"339\" width=\"300\" \/><\/p>\n<p align=\"center\"><strong><font size=\"4\">FIN <\/font><\/strong><\/p>\n<p align=\"center\"><font size=\"4\"><a href=\"http:\/\/www.masog.net\/?page_id=13\">Retour<\/a><\/font><\/p>\n","protected":false},"excerpt":{"rendered":"<p>une petite nouvelle illustr\u00e9e Comme chaque matin, le rouge-gorge descendit de son arbre et frappa \u00e0 la fen\u00eatre de celui o\u00f9 Tim s\u2019\u00e9tait taill\u00e9 une maison. Celui-ci, ayant dans\u00e9 toute la nuit en compagnie de ses fr\u00e8res lutins, comme \u00e0 son habitude, ouvrit p\u00e9niblement les yeux et sourit en voyant appara\u00eetre aux carreaux la t\u00eate [&hellip;]<\/p>\n","protected":false},"author":1,"featured_media":1754,"parent":13,"menu_order":0,"comment_status":"open","ping_status":"open","template":"","meta":{"footnotes":""},"class_list":["post-19","page","type-page","status-publish","has-post-thumbnail","hentry"],"_links":{"self":[{"href":"http:\/\/masog.net\/wordpress\/wp-json\/wp\/v2\/pages\/19","targetHints":{"allow":["GET"]}}],"collection":[{"href":"http:\/\/masog.net\/wordpress\/wp-json\/wp\/v2\/pages"}],"about":[{"href":"http:\/\/masog.net\/wordpress\/wp-json\/wp\/v2\/types\/page"}],"author":[{"embeddable":true,"href":"http:\/\/masog.net\/wordpress\/wp-json\/wp\/v2\/users\/1"}],"replies":[{"embeddable":true,"href":"http:\/\/masog.net\/wordpress\/wp-json\/wp\/v2\/comments?post=19"}],"version-history":[{"count":0,"href":"http:\/\/masog.net\/wordpress\/wp-json\/wp\/v2\/pages\/19\/revisions"}],"up":[{"embeddable":true,"href":"http:\/\/masog.net\/wordpress\/wp-json\/wp\/v2\/pages\/13"}],"wp:featuredmedia":[{"embeddable":true,"href":"http:\/\/masog.net\/wordpress\/wp-json\/wp\/v2\/media\/1754"}],"wp:attachment":[{"href":"http:\/\/masog.net\/wordpress\/wp-json\/wp\/v2\/media?parent=19"}],"curies":[{"name":"wp","href":"https:\/\/api.w.org\/{rel}","templated":true}]}}