{"id":18,"date":"2007-06-17T23:29:22","date_gmt":"2007-06-17T21:29:22","guid":{"rendered":"http:\/\/www.masog.net\/bd\/?page_id=18"},"modified":"2007-06-17T23:29:22","modified_gmt":"2007-06-17T21:29:22","slug":"voyage","status":"publish","type":"page","link":"http:\/\/masog.net\/wordpress\/textes\/voyage\/","title":{"rendered":"VOYAGE"},"content":{"rendered":"<p id=\"citation2\"><em>Ce texte a \u00e9t\u00e9 \u00e9crit par votre serviteur dans le T.G.V. Paris\/Valenciennes (1H20 de retard, la prochaine fois j\u2019irai \u00e0 pied), je le retranscris ici tel qu\u2019il a \u00e9t\u00e9 \u00e9crit sur un vieux bout de papier.<\/em><\/p>\n<p align=\"center\">&nbsp;<\/p>\n<p>\u00c9tranges moments&#8230; \u00e9tranges pens\u00e9es&#8230; Mais voici que d\u00e9j\u00e0 s\u2019efface          la banlieue monochrome et qu\u2019\u00e9clate les couleurs de la nature, entrecoup\u00e9es          \u00e7a et l\u00e0 de quelques lambeaux de civilisation, \u00eeles \u00e9parses et sombres          dans un oc\u00e9an de verdure. \u00c7a et l\u00e0, la terre est meurtrie par les          hommes qui fouillent en ses entrailles, pour en extraire quoi ? Quelque          m\u00e9tal pr\u00e9cieux ? Ou n\u2019est ce que pour fl\u00e9trir sa beaut\u00e9 qu\u2019ils jalousent          ?<br \/>\nLes mythes r\u00e9pondent aux questions de l\u2019homme, mais ce sont des r\u00e9ponses          non dites \u00e0 des questions qu\u2019il ignorait s\u2019\u00eatre pos\u00e9. Sans qu\u2019il le sache,          le mythe fournit \u00e0 son esprit un embryon de r\u00e9flexion et de r\u00e9confort.          Car un myst\u00e8re qui nous hante est obs\u00e9dant, et le mythe a pour but d\u2019exorciser          cette peur ancr\u00e9e en nous. Non, nous n\u2019avons pas d\u00fb affronter des monstres,          mais nous avons tous d\u00e9j\u00e0 \u00e9t\u00e9 confront\u00e9 au mal, hydre aux multiples t\u00eates.          Non, nous n\u2019avons jamais eu les probl\u00e8mes de triangle amoureux chers \u00e0          Mr Katsura Masakazu, mais qui n\u2019a jamais aim\u00e9 ?<br \/>\nL\u2019astre du ciel, par bravade, brille plus intens\u00e9ment encore tandis qu\u2019il          retombe, gerbe \u00e9clatante de lumi\u00e8re. Par sa seule pr\u00e9sence, il rehausse          la beaut\u00e9 des cieux comme un bijou met en valeur le visage d\u2019une femme.          Enfin, une for\u00eat s\u2019offre aux regards. Une for\u00eat a ceci de fascinant qu\u2019on          ne sait pas ce qui se cache derri\u00e8re la 1\u00e8re ligne verte de ses innombrables          soldats pacifiques, impeccablement en d\u00e9sordre mais formant malgr\u00e9 tout          une arm\u00e9e des plus sympathique. Le train va si vite qu\u2019il semble \u00e0 mes          yeux d\u00e9faillants que les nuages ne sont qu\u2019\u00e0 10 m\u00e8tres au dessus des champs,          immobiles tandis que nous les d\u00e9passons. Ils nous regardent passer avec          \u00e9tonnement : qui sont ces hommes pour les traiter ainsi ? Morph\u00e9e, infatigable          compagnon de mes r\u00eaveries, me tente par ses propos. Des ch\u00eanes plant\u00e9s          le long d\u2019un champ monte une garde vigilante : pas un poireau, pas un          radis ne s\u2019\u00e9chappe de son enclos. La fureur des Vents semble avoir frapp\u00e9          un innocent cabanon. Innocent ? Pas s\u00fbr. Il d\u00e9naturait la nature, soufflent          les Vents.<\/p>\n<p align=\"left\">Les japonais pensent que les miroirs sont fid\u00e8les, les occidentaux          s\u2019en m\u00e9fient. Narcisse, il est vrai, \u00e9tait grec, et si la m\u00e9moire des          gens est courte, le mythe demeure, \u00e9ternelle et vigilante mise en garde          \u00e0 nos enfants, afin qu\u2019ils ne fassent pas plus tard ce que nous faisons,          et qu\u2019ils feront d\u2019ailleurs \u00e0 leur tour. 8H23 : 1er arr\u00eat \u00e0 Arras. Harassant,          cet arr\u00eat me stoppe en pleine \u00e9criture. Je porte un regard intrigu\u00e9 sur          les jeunes sur le quai. Nous avons \u00e9t\u00e9 comme eux, autrefois, hier encore          m\u00eame. Que les vieillards envient la jeunesse : elle a la paix du corps          et les tourments de l\u2019\u00e2me. Beaut\u00e9 et inqui\u00e9tude, force sans sagesse. La          jeunesse est devenue le mythe d\u2019une soci\u00e9t\u00e9 qui vieillit. Quelques \u00ab Tagues          \u00bb insolents insultent mes yeux et mon go\u00fbt, me rappelant avec \u00e0 propos          que l\u2019innocence de la jeunesse est avant tout inexp\u00e9rience. Quels d\u00e9g\u00e2ts          ne causeraient ils pas si ils avaient seulement conscience de leurs possibilit\u00e9s.          Certains m\u00fbriront, d\u2019autres pourriront. Les jeunes sont comme des fruits.          M\u00e9fie toi des fruits g\u00e2t\u00e9s. Je ne parlerais plus le langage des b\u00eates,          je n\u2019utiliserais plus leurs mots corrompus. Ce qui se con\u00e7oit bien s\u2019\u00e9nonce          clairement. Oui, bien, monsieur Descartes. A ces mots j\u2019ajouterais ceci          : ce qui est \u00e9nonc\u00e9 clairement est bien per\u00e7u. A propos, quelle est la          diff\u00e9rence entre cela et ceci ? Je ne sais. Sans doute pourras tu m\u2019\u00e9clairer          sur ce point comme sur d\u2019autres. Comment, d\u00e9j\u00e0 \u00e0 Legoland ? Les maisons          de briques rouges s\u2019offrent \u00e0 nous, mais ce n\u2019est que Douai. 8H42.<\/p>\n<p>Le sort s\u2019est acharn\u00e9 sur moi aujourd\u2019hui. Le sort oublie que c\u2019est le          destin qui est en marche, mon destin. J\u2019ignore si ce destin passe par          Valenciennes, et finalement peu importe. Du moment que ce destin existe.          8H48 : le monde bougerait il ? Non, le train part dans l\u2019autre sens, tout          simplement. Nyx \u00e9tend langoureusement ses bras, baille et se l\u00e8ve. 9H15          : arriv\u00e9e et extinction des feux de mon stylo.<\/p>\n<p align=\"center\"> <strong><font size=\"4\">FIN <\/font><\/strong><\/p>\n<p align=\"center\"><font size=\"4\"><a href=\"http:\/\/www.masog.net\/?page_id=13\">Retour<\/a><\/font><\/p>\n","protected":false},"excerpt":{"rendered":"<p>Ce texte a \u00e9t\u00e9 \u00e9crit par votre serviteur dans le T.G.V. Paris\/Valenciennes (1H20 de retard, la prochaine fois j\u2019irai \u00e0 pied), je le retranscris ici tel qu\u2019il a \u00e9t\u00e9 \u00e9crit sur un vieux bout de papier. &nbsp; \u00c9tranges moments&#8230; \u00e9tranges pens\u00e9es&#8230; Mais voici que d\u00e9j\u00e0 s\u2019efface la banlieue monochrome et qu\u2019\u00e9clate les couleurs de la [&hellip;]<\/p>\n","protected":false},"author":1,"featured_media":0,"parent":13,"menu_order":0,"comment_status":"open","ping_status":"open","template":"","meta":{"footnotes":""},"class_list":["post-18","page","type-page","status-publish","hentry"],"_links":{"self":[{"href":"http:\/\/masog.net\/wordpress\/wp-json\/wp\/v2\/pages\/18","targetHints":{"allow":["GET"]}}],"collection":[{"href":"http:\/\/masog.net\/wordpress\/wp-json\/wp\/v2\/pages"}],"about":[{"href":"http:\/\/masog.net\/wordpress\/wp-json\/wp\/v2\/types\/page"}],"author":[{"embeddable":true,"href":"http:\/\/masog.net\/wordpress\/wp-json\/wp\/v2\/users\/1"}],"replies":[{"embeddable":true,"href":"http:\/\/masog.net\/wordpress\/wp-json\/wp\/v2\/comments?post=18"}],"version-history":[{"count":0,"href":"http:\/\/masog.net\/wordpress\/wp-json\/wp\/v2\/pages\/18\/revisions"}],"up":[{"embeddable":true,"href":"http:\/\/masog.net\/wordpress\/wp-json\/wp\/v2\/pages\/13"}],"wp:attachment":[{"href":"http:\/\/masog.net\/wordpress\/wp-json\/wp\/v2\/media?parent=18"}],"curies":[{"name":"wp","href":"https:\/\/api.w.org\/{rel}","templated":true}]}}