{"id":17,"date":"2007-06-17T21:33:17","date_gmt":"2007-06-17T19:33:17","guid":{"rendered":"http:\/\/www.masog.net\/bd\/?page_id=17"},"modified":"2007-06-17T21:33:17","modified_gmt":"2007-06-17T19:33:17","slug":"seul-a-noel","status":"publish","type":"page","link":"http:\/\/masog.net\/wordpress\/textes\/seul-a-noel\/","title":{"rendered":"SEUL A NOEL"},"content":{"rendered":"<p id=\"citation2\"><em>\u00c9crit par Eddy van leffe.<\/em><\/p>\n<p align=\"center\">\n<p class=\"Section1\">Il \u00e9tait bient\u00f4t vingt et une heures et maman n\u2019\u00e9tait      toujours pas rentr\u00e9e. Il commen\u00e7ait \u00e0 \u00eatre tard m\u00eame compar\u00e9 aux autres jours      de l\u2019ann\u00e9e. Jordy avait faim, il referma son magasine et se leva tout en se      drapant dans sa couverture pour ne pas attraper froid. L\u2019appartement n\u2019\u00e9tait      pas chauff\u00e9 autant qu\u2019il aurait du l\u2019\u00eatre, maman disait que \u00e7a co\u00fbtait trop      cher et fermait automatiquement le chauffage quand elle partait. Jordy regarda      le thermom\u00e8tre et se retourna machinalement vers le radiateur mais n&rsquo;osa pas      le rallumer, il savait ce qu&rsquo;il en co\u00fbtait de d\u00e9sob\u00e9ir. Il soupira longuement      comme si son propre souffle allait le r\u00e9chauffer, puis il ouvrit le frigo      pour y chercher ce qu\u2019il allait lui \u00e9choir comme repas en ce jour exceptionnel.      Malheureusement, rien de ce qu\u2019il contenait ne pouvait-ou ne pouvait plus-lui      servir de pitance, alors il se rabattit sur cong\u00e9lateur pour y trouver une      pizza jambon fromage qui allait sauver sa soir\u00e9e. Pendant que le four pr\u00e9chauffait,      Jordy s&#8217;empara de la t\u00e9l\u00e9commande t\u00e9l\u00e9 et prit le programme de l&rsquo;autre main.      Il fit rapidement son choix car il n&rsquo;y avait qu&rsquo;une seule \u00e9mission pour enfants;      les autres n&rsquo;\u00e9tant que des exaltations idiotes de l&rsquo;esprit de camaraderie      de No\u00ebl avec l&rsquo;in\u00e9vitable couplet sur le bonheur familial, alors que si l&rsquo;on      regarde la t\u00e9l\u00e9 un soir comme celui l\u00e0 c&rsquo;est qu&rsquo;on est \u00ab\u00a0Le\u00a0\u00bb plus      seul du monde. Alors il allait regarder le dessin anim\u00e9 d&rsquo;Ast\u00e9rix comme il      l&rsquo;avait fait l&rsquo;an dernier. Sur ce il \u00e9tait temps de mettre la pizza au four      <o:p><\/o:p><\/p>\n<p class=\"MsoNormal\" style=\"margin: 5pt 0cm\">\u00ab\u00a0Pfff !\u00a0\u00bb      Soupira-t-il, en regardant une derni\u00e8re fois l&rsquo;horloge du salon. Dans cinq      minutes il allumerait la t\u00e9l\u00e9, dans cinq minutes il ne serait plus seul, dans      cinq minutes il ne serait plus malheureux, dans cinq minutes il n&rsquo;aurait plus      de cerveau. Il en vint \u00e0 penser que l&rsquo;\u00e9cran \u00e9tait son meilleur ami, qu&rsquo;il      lui parlait normalement, pas comme un chien.<o:p><\/o:p><\/p>\n<p class=\"MsoNormal\" style=\"margin: 5pt 0cm\">\u00ab\u00a0Bienvenus      mesdames et messieurs\u00a0\u00bb, \u00ab\u00a0vous allez passer une excellente soir\u00e9e      en notre compagnie\u00a0\u00bb. Finalement Jordy avait besoin d&rsquo;entendre ces choses      l\u00e0 et la t\u00e9l\u00e9vision est la seule invention a parler aux parias en leur faisant      croire qu&rsquo;ils appartiennent \u00e0 la masse.<o:p><\/o:p><\/p>\n<p class=\"MsoNormal\" style=\"margin: 5pt 0cm\">La pizza \u00e9tait      d\u00e9gueulasse parce que par souci de timing, Jordy ne l&rsquo;avait pas laiss\u00e9 chauffer      assez longtemps mais, il lui inventa une saveur pour que cette soir\u00e9e soit      bonne quand m\u00eame, il l&rsquo;appela la saveur du quart monde. Il avait apprit ce      que le quart monde \u00e9tait la semaine derni\u00e8re \u00e0 l&rsquo;\u00e9cole. La ma\u00eetresse avait      m\u00eame demand\u00e9 de rapporter des pi\u00e8ces jaunes au profit d&rsquo;une association quelconque      et il s&rsquo;\u00e9tait autoris\u00e9 \u00e0 penser un bref instant qu&rsquo;ils auraient mieux fait      de lui donner directement cet argent. L\u00e0 il aurait \u00e9t\u00e9 s\u00fbr qu&rsquo;il arriverait      \u00e0 destination. Mais Jordy se tut cette fois comme tant d&rsquo;autre et n&rsquo;osa m\u00eame      pas demander ces petites pi\u00e8ces de couleur \u00e0 maman, \u00e7a n&rsquo;aurait servi \u00e0 rien      de toute fa\u00e7on.<o:p><\/o:p><\/p>\n<p class=\"MsoNormal\" style=\"margin: 5pt 0cm\">Ast\u00e9rix mettait      la p\u00e2t\u00e9e \u00e0 un romain et Jordy faisait un dernier sort a sa pizza maintenant      compl\u00e8tement gel\u00e9e. Il porta son assiette jusqu&rsquo;\u00e0 l&rsquo;\u00e9vier et repartit s&rsquo;\u00e9crouler      pour s&rsquo;abrutir devant la t\u00e9l\u00e9 qui gagnait en empire psychologique au fur et      \u00e0 mesure que son moral baissait.<o:p><\/o:p><\/p>\n<p class=\"MsoNormal\" style=\"margin: 5pt 0cm\">C&rsquo;est \u00e0 ce moment      l\u00e0 que la sonnerie stridente du t\u00e9l\u00e9phone vint le sauver ou le damner \u00e0 jamais.      <o:p><\/o:p><\/p>\n<p class=\"MsoNormal\" style=\"margin: 5pt 0cm\">-Driing!<o:p><\/o:p><\/p>\n<p class=\"MsoNormal\" style=\"margin: 5pt 0cm\">-Drriiing! <o:p><\/o:p><\/p>\n<p class=\"MsoNormal\" style=\"margin: 5pt 0cm\">-Drrriiiiiiiiiinngg!<o:p><\/o:p><\/p>\n<p class=\"MsoNormal\" style=\"margin: 5pt 0cm\">L&rsquo;engin n&rsquo;eut      pas le temps de sonner une quatri\u00e8me fois (il aurait pu gagner la valise R.T.L).      Jordy avait remis la couverture pour supporter les rigueurs hivernales d&rsquo;un      appartement HLM en fin d\u00e9cembre et se pr\u00e9cipita vers la technologie sociabilisatrice.<o:p><\/o:p><\/p>\n<p class=\"MsoNormal\" style=\"margin: 5pt 0cm\">-All\u00f4\u2026? Allo\u2026?      <o:p><\/o:p><\/p>\n<p class=\"MsoNormal\" style=\"margin: 5pt 0cm\">-All\u00f4! C&rsquo;est papa!      Ca va? <o:p><\/o:p><\/p>\n<p class=\"MsoNormal\" style=\"margin: 5pt 0cm\">-Oh! Papa! Ouais,      \u00e7a va!<o:p><\/o:p><\/p>\n<p class=\"MsoNormal\" style=\"margin: 5pt 0cm\">-Joyeux No\u00ebl mon      gars!! T&rsquo;as re\u00e7u mon cadeau au moins?<o:p><\/o:p><\/p>\n<p class=\"MsoNormal\" style=\"margin: 5pt 0cm\">Jordy h\u00e9sita un      instant avant de r\u00e9pondre:<o:p><\/o:p><\/p>\n<p class=\"MsoNormal\" style=\"margin: 5pt 0cm\">-Ouais t&rsquo;en fais      pas! Il est super! Mais d\u00e9j\u00e0 il entendait Nathalie, la \u00ab\u00a0femme\u00a0\u00bb de      son p\u00e8re d\u00e9clamer:<o:p><\/o:p><\/p>\n<p class=\"MsoNormal\" style=\"margin: 5pt 0cm\">&#8211;\u00a0\u00bb T&rsquo;as bient\u00f4t      fini? On va arriver en retard!\u00a0\u00bb <o:p><\/o:p><\/p>\n<p class=\"MsoNormal\" style=\"margin: 5pt 0cm\">-Une minute Nat      je parle \u00e0 Jordy, Tu peux attendre quand m\u00eame! Alors fiston, j&rsquo;esp\u00e8re que      \u00e7a t&rsquo;a fait marrer en tout cas, j&rsquo;ai eu du mal \u00e0 le trouver tu sais!<o:p><\/o:p><\/p>\n<p class=\"MsoNormal\" style=\"margin: 5pt 0cm\">-T&rsquo;inqui\u00e8te pas!      Je joue tout le temps avec, c&rsquo;est vraiment super, crois moi!<o:p><\/o:p><\/p>\n<p class=\"MsoNormal\" style=\"margin: 5pt 0cm\">Nathalie une nouvelle      fois se faisait entendre: <o:p><\/o:p><\/p>\n<p class=\"MsoNormal\" style=\"margin: 5pt 0cm\">-\u00ab\u00a0Ah \u00e7a !      Tu peux le croire avec le prix que \u00e7a a co\u00fbt\u00e9 ce truc, il peut jouer avec      jusqu&rsquo;au jugement dernier\u00a0\u00bb. Apparemment, cet imb\u00e9cile et mauvaise femme      ne semblait pas r\u00e9aliser que Jordy pouvait l&rsquo;entendre ou pire pensa Jordy,      elle s&rsquo;en fichait comme de sa premi\u00e8re culotte qui avait d\u00e9j\u00e0 du \u00e9ponger des      liqueurs qui n&rsquo;auraient pas d\u00fb effleurer des dentelles de cet age \u00e0 ce que      disait Maman.<o:p><\/o:p><\/p>\n<p class=\"MsoNormal\" style=\"margin: 5pt 0cm\">-\u00ab\u00a0Bon! Tu      viens? Insista t-elle -inutile de pr\u00e9ciser \u00ab\u00a0lourdement\u00a0\u00bb.<o:p><\/o:p><\/p>\n<p class=\"MsoNormal\" style=\"margin: 5pt 0cm\">-Bon! Gar\u00e7on,      Il faut que j&rsquo;y aille, dis bonjour \u00e0 maman et n&rsquo;oublie pas de passer un bon      r\u00e9veillon! Je t&rsquo;aime!<o:p><\/o:p><\/p>\n<p class=\"MsoNormal\" style=\"margin: 5pt 0cm\">-Je t&rsquo;aime papa!      <o:p><\/o:p><\/p>\n<p class=\"MsoNormal\" style=\"margin: 5pt 0cm\">-Bon! Salut! Et\u2026H\u00e9,      bonhomme!!<o:p><\/o:p><\/p>\n<p class=\"MsoNormal\" style=\"margin: 5pt 0cm\">-Oui? ! <o:p><\/o:p><\/p>\n<p class=\"MsoNormal\" style=\"margin: 5pt 0cm\">-Joyeux No\u00ebl!<o:p><\/o:p><\/p>\n<p class=\"MsoNormal\" style=\"margin: 5pt 0cm\">-Joyeux No\u00ebl,      papa!<o:p><\/o:p><\/p>\n<p class=\"MsoNormal\" style=\"margin: 5pt 0cm\">Le t\u00e9l\u00e9phone fit      un bruit sourd lorsqu&rsquo;il le reposa sur le r\u00e9ceptacle. Bien s\u00fbr il avait mal,      Il n&rsquo;avait jamais re\u00e7u le cadeau de son p\u00e8re. Maman avait du l&rsquo;intercepter      au courrier et le jeter en voyant qui l&rsquo;envoyait. Maman \u00e9tait comme \u00e7a, elle      jetait tout ce qui pouvait lui rappeler son ex-mari. Tout! Sauf le ch\u00e8que      de la pension mensuelle alimentaire. Jordy avait menti sur le cadeau mais      ce n&rsquo;\u00e9tait pas le mensonge qui le faisait souffrir, ni m\u00eame peut \u00eatre le fait      de ne pas avoir eu ce fameux jouet, mais son p\u00e8re aurait d\u00fb s&rsquo;en rendre compte      et venir le chercher, il aurait d\u00fb sentir que son fils n&rsquo;allait pas, Il aurait      d\u00fb\u2026 <o:p><\/o:p><\/p>\n<p class=\"MsoNormal\" style=\"margin: 5pt 0cm\">Mais \u00e0 quoi bon!      Il aurait d\u00fb rester en fait! Voil\u00e0 c&rsquo;est tout! Jordy \u00e9teint la t\u00e9l\u00e9 et se      r\u00e9fugia dans le noir pour imaginer son cadeau. Qu&rsquo;est ce que cela pouvait      bien t-il \u00eatre?<o:p><\/o:p><\/p>\n<p class=\"MsoNormal\" style=\"margin: 5pt 0cm\">Il avait souvent      r\u00eav\u00e9 d&rsquo;un v\u00e9lo mais les plus beaux sont vendu dans le catalogue de l&rsquo;\u00e9t\u00e9 et      papa savait \u00e7a. Il \u00e9tait pas con papa. Enfin si\u2026<o:p><\/o:p><\/p>\n<p class=\"MsoNormal\" style=\"margin: 5pt 0cm\">L&rsquo;obscurit\u00e9 a      quelque chose de rassurant quand on br\u00fble de col\u00e8re, on a l&rsquo; impression d&rsquo;\u00eatre      la seule source de lumi\u00e8re. Jordy ne croyait plus en dieu depuis des lustres,      alors il se sentait vraiment irradier la pi\u00e8ce par sa seule chaleur. Non!      Dieu ne pouvait exister pour le tourmenter ainsi depuis sa naissance. Ou c&rsquo;est      qu&rsquo;il \u00e9tait le pire sadique qui ait jamais exist\u00e9. Mais comme Jordy \u00e9tait      somme toute optimiste il avait opt\u00e9 pour sa non-existence. C&rsquo;\u00e9tait plus sain.<o:p><\/o:p><\/p>\n<p class=\"MsoNormal\" style=\"margin: 5pt 0cm\">Ses pens\u00e9es oscillaient      entre le jouet imaginaire et cette rancune qui bouillait en lui, et cela se      m\u00e9langeait tant et si bien qu&rsquo;il finit par fantasmer sur une arme. Il voulait      un couteau pour se d\u00e9fendre. Non ! Pour attaquer, pour attaquer et d\u00e9truire      tous ceux qui le blessaient depuis tant d&rsquo;ann\u00e9es. Il voulait tuer.<o:p><\/o:p><\/p>\n<p class=\"MsoNormal\" style=\"margin: 5pt 0cm\">Jordy avait des      fourmis dans les jambes, il avait besoin de se d\u00e9penser, de bouger. Il se      leva d&rsquo;un bon, ralluma la lumi\u00e8re du salon, se jeta sur la cha\u00eene Hi-fi pour      mettre un disque et le faire gueuler suffisamment pour plus entendre cette      voix int\u00e9rieure qui lui disait de massacrer tout sur son passage, tant pis      pour les voisins!<o:p><\/o:p><\/p>\n<p class=\"MsoNormal\" style=\"margin: 5pt 0cm\">Il \u00e9couta le disque      et il dansa sur cette musique furieuse, il dansa seul comme un fou poss\u00e9d\u00e9      peut danser lors d&rsquo;une nuit de sabbat.<o:p><\/o:p><\/p>\n<p class=\"MsoNormal\" style=\"margin: 5pt 0cm\">Le texte des chansons      parlait souvent de Satan mais Jordy s&rsquo;en foutait \u00e9perdument, il s&rsquo;\u00e9clatait      au son des hymnes ent\u00eatants de l&rsquo;album. Comme pour mieux \u00eatre en phase et      d\u00e9charger ses frustrations, il d\u00e9fit sa ceinture et se mit \u00e0 d\u00e9crire des moulinets      dans l&rsquo;air comme s&rsquo;il \u00e9tait un cow-boy maniant un lasso.<o:p><\/o:p><\/p>\n<p class=\"MsoNormal\" style=\"margin: 5pt 0cm\"><strong><em><span style=\"font-size: 14pt; font-family: Arial\">La ceinture<\/span><\/em><\/strong>.<o:p><\/o:p><\/p>\n<p class=\"MsoNormal\" style=\"margin: 5pt 0cm\">Satan! Quelle      connerie, quel \u00e9pouvantail \u00e0 moineaux quand on connaissait sa m\u00e8re. Il la      craignait bien plus. Jordy continuait \u00e0 s&rsquo;\u00e9clater comme une b\u00eate de sc\u00e8ne.      Il aurait sans doute humili\u00e9 le \u00ab\u00a0King\u00a0\u00bb s&rsquo;il l&rsquo;avait vu.<o:p><\/o:p><\/p>\n<p class=\"MsoNormal\" style=\"margin: 5pt 0cm\">C&rsquo;est alors que      la boucle du ceinturon ainsi assen\u00e9 dans les airs v\u00eent claquer dans la lampe      du salon et la d\u00e9pla\u00e7a de son crochet pour la faire balancer dans un dr\u00f4le      de mouvement circulaire qui faisaient danser les ombres \u00e0 leurs tours, comme      si elles voulaient aussi se marier au rythme endiabl\u00e9 du bruit qui sortait      des enceintes de la cha\u00eene.<o:p><\/o:p><\/p>\n<p class=\"MsoNormal\" style=\"margin: 5pt 0cm\"><strong><em><span style=\"font-size: 14pt; font-family: Arial\">Le crochet<\/span><\/em><\/strong>.<o:p><\/o:p><\/p>\n<p class=\"MsoNormal\" style=\"margin: 5pt 0cm\">Jordy stoppa net      et h\u00e9sit\u00e2t devant ce ballet en ombres chinoises sur ses murs. Il regardait      cela comme si cela \u00e9tait un spectacle, puis alla arr\u00eater la musique. Maman      va \u00eatre furax si les voisins se plaignent du bruit, m\u00eame si c&rsquo;\u00e9tait le jour      de No\u00ebl, et m\u00eame s&rsquo;il \u00e9tait tout seul ce soir l\u00e0. Ce n&rsquo;est pas comme s&rsquo;il      n&rsquo;avait pas l&rsquo;habitude d&rsquo;\u00eatre seul le soir. La lampe balan\u00e7ait moins et Jordy      d\u00e9cida d&rsquo;aller chercher le tabouret pour r\u00e9installer la lampe sur son support      au plafond.<o:p><\/o:p><\/p>\n<p class=\"MsoNormal\" style=\"margin: 5pt 0cm\"><strong><em><span style=\"font-size: 14pt; font-family: Arial\">Le tabouret<\/span><\/em><\/strong>.<o:p><\/o:p><\/p>\n<p class=\"MsoNormal\" style=\"margin: 5pt 0cm\">Quand il fut revenu,      Jordy, toujours la ceinture \u00e0 la main, posa le tabouret \u00e0 terre bien juste      en dessous du crochet pour fixer l&rsquo;ampoule br\u00fblante, mais l&rsquo;horloge se mit      \u00e0 sonner.<o:p><\/o:p><\/p>\n<p class=\"MsoNormal\" style=\"margin: 5pt 0cm\">Il \u00e9tait minuit.      C&rsquo;\u00e9tait No\u00ebl.<o:p><\/o:p><\/p>\n<p class=\"MsoNormal\" style=\"margin: 5pt 0cm\">Des cris retentirent      du dehors, des gens explosaient de joie. Ils hurlaient:<o:p><\/o:p><\/p>\n<p class=\"MsoNormal\" style=\"margin: 5pt 0cm\">-\u00ab\u00a0Joyeux      No\u00ebl! Joyeux No\u00ebl!\u00a0\u00bb<o:p><\/o:p><\/p>\n<p class=\"MsoNormal\" style=\"margin: 5pt 0cm\">Et on leur r\u00e9pondait:<o:p><\/o:p><\/p>\n<p class=\"MsoNormal\" style=\"margin: 5pt 0cm\">-\u00ab\u00a0Joyeux      No\u00ebl! Joyeux No\u00ebl!\u00a0\u00bb<o:p><\/o:p><\/p>\n<p class=\"MsoNormal\" style=\"margin: 5pt 0cm\">Jordy regarda      donc par la fen\u00eatre par r\u00e9flexe et s&rsquo;aper\u00e7ut qu&rsquo;il neigeait. Comme dans les      films, et comme dans les films, c&rsquo;\u00e9tait beau. Enfin les larmes vinrent, elles      coul\u00e8rent comme pour laver son visage, ses yeux, son esprit!<o:p><\/o:p><\/p>\n<p class=\"MsoNormal\" style=\"margin: 5pt 0cm\">\u00ab\u00a0C&rsquo;est beau      mais c&rsquo;est pas juste!\u00a0\u00bb<o:p><\/o:p><\/p>\n<p class=\"MsoNormal\" style=\"margin: 5pt 0cm\">C&rsquo;\u00e9tait ce que      se disait Jordy, au fond de son gouffre. Apr\u00e8s un autre sanglot long comme      un r\u00e2le, il se retourna vers le tabouret et finalement arranger cette fameuse      lampe. Son lacet \u00e9tait d\u00e9fait(Jordy ne portait jamais de pantoufles \u00e0 la maison,      parce qu&rsquo;il trouvait que c&rsquo;\u00e9tait pour les vieux.), Quelle poisse! Enfin, les      n\u0153uds de lacets c&rsquo;\u00e9tait au moins une chose qu&rsquo;il savait faire sans sa m\u00e8re,      et il avait \u00e9t\u00e9 tr\u00e8s fier d&rsquo;\u00eatre le premier de sa classe \u00e0 savoir nouer ses      lacets \u00ab\u00a0comme un grand\u00a0\u00bb. <o:p><\/o:p><\/p>\n<p class=\"MsoNormal\" style=\"margin: 5pt 0cm\">C&rsquo;\u00e9tait simple      un n\u0153ud de lacet, \u00e7a ressemblait \u00e0 un n\u0153ud coulant en fait\u2026<o:p><\/o:p><\/p>\n<p class=\"MsoNormal\" style=\"margin: 5pt 0cm\">C&rsquo;est comme \u00e7a      que Jordy monta sur le tabouret mais pas pour remettre l&rsquo;ampoule. Une fois      ses parents avant de divorcer avaient dit qu&rsquo;avoir fait un enfant avait \u00e9t\u00e9      une erreur.<o:p><\/o:p><\/p>\n<p class=\"MsoNormal\" style=\"margin: 5pt 0cm\">Et une erreur,      \u00e7a se r\u00e9pare!<o:p><\/o:p><\/p>\n<p class=\"MsoNormal\" style=\"margin: 5pt 0cm\">Jordy savait bien      faire les n\u0153uds, et il mit moins d&rsquo;un quart d&rsquo;heure \u00e0 mourir.<o:p><\/o:p><\/p>\n<p class=\"MsoNormal\" style=\"margin: 5pt 0cm\"><span style=\"font-family: 'Monotype Corsiva'\">Un an plus tard, la m\u00e8re de Jordy vidait      une huiti\u00e8me bi\u00e8re, tout en fumant son paquet de gauloise, accoud\u00e9e \u00e0 un comptoir      de caf\u00e9. Elle hurlait qu&rsquo;elle d\u00e9testait No\u00ebl, et n&rsquo;arr\u00eatait pas de pleurer.      Le type qui l&rsquo;accompagnait songeait s\u00e9rieusement \u00e0 la larguer tellement elle      \u00e9tait saoule et saoulante. Il avait \u00e9t\u00e9 le troisi\u00e8me type \u00e0 l&rsquo;avoir eu cette      ann\u00e9e. Mais il h\u00e9sitait, apr\u00e8s tout elle \u00e9tait enceinte jusqu&rsquo;au yeux.<\/span><\/p>\n<p class=\"MsoNormal\" style=\"margin: 5pt 0cm\"><o:p><\/o:p><\/p>\n<p class=\"MsoNormal\" style=\"margin: 5pt 0cm; text-align: center\" align=\"center\">DEDIE AUX ENFANTS DES RUES DE LOOS<o:p><\/o:p><\/p>\n<p class=\"MsoNormal\" style=\"margin: 5pt 0cm; text-align: center\" align=\"center\">JOYEUX NOEL!<o:p><\/o:p><span lang=\"NL\"><o:p><\/o:p><\/span><\/p>\n<p align=\"center\"><strong>FIN<\/strong><\/p>\n<p><!-- #EndEditable --><!-- #BeginEditable \"texte\" --><\/p>\n<p align=\"center\"><font size=\"4\"><a href=\"http:\/\/www.masog.net\/bd\/?page_id=13\">Retour<\/a><\/font><\/p>\n","protected":false},"excerpt":{"rendered":"<p>\u00c9crit par Eddy van leffe. Il \u00e9tait bient\u00f4t vingt et une heures et maman n\u2019\u00e9tait toujours pas rentr\u00e9e. Il commen\u00e7ait \u00e0 \u00eatre tard m\u00eame compar\u00e9 aux autres jours de l\u2019ann\u00e9e. Jordy avait faim, il referma son magasine et se leva tout en se drapant dans sa couverture pour ne pas attraper froid. L\u2019appartement n\u2019\u00e9tait pas [&hellip;]<\/p>\n","protected":false},"author":1,"featured_media":0,"parent":13,"menu_order":0,"comment_status":"open","ping_status":"open","template":"","meta":{"footnotes":""},"class_list":["post-17","page","type-page","status-publish","hentry"],"_links":{"self":[{"href":"http:\/\/masog.net\/wordpress\/wp-json\/wp\/v2\/pages\/17","targetHints":{"allow":["GET"]}}],"collection":[{"href":"http:\/\/masog.net\/wordpress\/wp-json\/wp\/v2\/pages"}],"about":[{"href":"http:\/\/masog.net\/wordpress\/wp-json\/wp\/v2\/types\/page"}],"author":[{"embeddable":true,"href":"http:\/\/masog.net\/wordpress\/wp-json\/wp\/v2\/users\/1"}],"replies":[{"embeddable":true,"href":"http:\/\/masog.net\/wordpress\/wp-json\/wp\/v2\/comments?post=17"}],"version-history":[{"count":0,"href":"http:\/\/masog.net\/wordpress\/wp-json\/wp\/v2\/pages\/17\/revisions"}],"up":[{"embeddable":true,"href":"http:\/\/masog.net\/wordpress\/wp-json\/wp\/v2\/pages\/13"}],"wp:attachment":[{"href":"http:\/\/masog.net\/wordpress\/wp-json\/wp\/v2\/media?parent=17"}],"curies":[{"name":"wp","href":"https:\/\/api.w.org\/{rel}","templated":true}]}}