{"id":13,"date":"2007-06-17T01:26:23","date_gmt":"2007-06-16T23:26:23","guid":{"rendered":"http:\/\/www.masog.net\/bd\/?page_id=13"},"modified":"2007-06-17T01:26:23","modified_gmt":"2007-06-16T23:26:23","slug":"textes","status":"publish","type":"page","link":"http:\/\/masog.net\/wordpress\/textes\/","title":{"rendered":"Textes"},"content":{"rendered":"<p>Nos bd \u00e9taient trop fortes pour tes r\u00e9tines? Rince-toi les yeux avec nos textes.<br \/>\n<span class=\"texte\">Eddy attaque fort avec <a href=\"http:\/\/www.masog.net\/?page_id=16\"><strong>Blanc<\/strong><\/a>,    \u00e9crit pour le nouvel an.<\/span><br \/>\n<span class=\"texte\">D\u00e9prim\u00e9? Ne rate pas <a href=\"http:\/\/www.masog.net\/?page_id=17\"><strong>Seul    \u00e0 No\u00ebl<\/strong><\/a>, une nouvelle d&rsquo;Eddy, l&rsquo;\u00e9crivain saisonnier.<\/span><br \/>\n<span class=\"texte\">T&rsquo;aimes les trains? Lis<\/span><span class=\"texte\"> le r\u00e9cit du <a href=\"http:\/\/www.masog.net\/?page_id=18\"><strong>voyage<\/strong><\/a> d&rsquo;Alexandre vers Valenciennes.<br \/>\n<\/span><br \/>\nEnsuite, poursuis avec un texte plus long, <a href=\"http:\/\/www.masog.net\/?page_id=20\"><strong>le    perdant perd tout<\/strong><\/a>, une nouvelle d&rsquo;Eddy.<br \/>\nT&rsquo;arr\u00eates pas l\u00e0 et encha\u00eene sur <a href=\"http:\/\/www.masog.net\/?page_id=19\"><strong>une nouvelle<\/strong><\/a> courte, \u00e9crite par Alex et illustr\u00e9e par lui,    traitant d&rsquo;une sombre enqu\u00eate chez des lutins.<br \/>\nCa y est, \u00e7a va mieux? C&rsquo;est normal, \u00e7a fait toujours \u00e7a la premi\u00e8re fois.<\/p>\n","protected":false},"excerpt":{"rendered":"<p>Nos bd \u00e9taient trop fortes pour tes r\u00e9tines? Rince-toi les yeux avec nos textes. Eddy attaque fort avec Blanc, \u00e9crit pour le nouvel an. D\u00e9prim\u00e9? Ne rate pas Seul \u00e0 No\u00ebl, une nouvelle d&rsquo;Eddy, l&rsquo;\u00e9crivain saisonnier. T&rsquo;aimes les trains? Lis le r\u00e9cit du voyage d&rsquo;Alexandre vers Valenciennes. Ensuite, poursuis avec un texte plus long, le [&hellip;]<\/p>\n","protected":false},"author":2,"featured_media":0,"parent":0,"menu_order":8,"comment_status":"open","ping_status":"open","template":"","meta":{"footnotes":""},"class_list":["post-13","page","type-page","status-publish","hentry"],"_links":{"self":[{"href":"http:\/\/masog.net\/wordpress\/wp-json\/wp\/v2\/pages\/13","targetHints":{"allow":["GET"]}}],"collection":[{"href":"http:\/\/masog.net\/wordpress\/wp-json\/wp\/v2\/pages"}],"about":[{"href":"http:\/\/masog.net\/wordpress\/wp-json\/wp\/v2\/types\/page"}],"author":[{"embeddable":true,"href":"http:\/\/masog.net\/wordpress\/wp-json\/wp\/v2\/users\/2"}],"replies":[{"embeddable":true,"href":"http:\/\/masog.net\/wordpress\/wp-json\/wp\/v2\/comments?post=13"}],"version-history":[{"count":0,"href":"http:\/\/masog.net\/wordpress\/wp-json\/wp\/v2\/pages\/13\/revisions"}],"wp:attachment":[{"href":"http:\/\/masog.net\/wordpress\/wp-json\/wp\/v2\/media?parent=13"}],"curies":[{"name":"wp","href":"https:\/\/api.w.org\/{rel}","templated":true}]}}