{"id":12,"date":"2007-06-01T22:42:33","date_gmt":"2007-06-01T20:42:33","guid":{"rendered":"http:\/\/www.masog.net\/bd\/?page_id=12"},"modified":"2007-06-01T22:42:33","modified_gmt":"2007-06-01T20:42:33","slug":"liens","status":"publish","type":"page","link":"http:\/\/masog.net\/wordpress\/liens\/","title":{"rendered":"Liens"},"content":{"rendered":"<p align=\"left\">Si vous d\u00e9sirez mettre un lien vers ce site, voici une banni\u00e8re anim\u00e9e \u00e0 accrocher o\u00f9 vous voulez dans votre page personnelle. Vous rajoutez cette ligne de code:<\/p>\n<p><span style=\"font-size: x-small;\"><span style=\"color: #0000c0;\">&lt;a href=\u00a0\u00bbhttp:\/\/www.masog.net\u00a0\u00bb&gt;&lt;img border=\u00a0\u00bb0&Prime; src=\u00a0\u00bbhttp:\/\/www.masog.net\/masog.gif\u00a0\u00bb width=\u00a0\u00bb200&Prime; height=\u00a0\u00bb40&Prime;&gt;&lt;\/a&gt;<br \/>\n<\/span><\/span><\/p>\n<p align=\"left\"><span style=\"font-size: x-small;\">et voil\u00e0 ! Son modeste poids de 1,9 Ko devrait vous satisfaire ^_^ <\/span><\/p>\n<p align=\"center\"><img loading=\"lazy\" decoding=\"async\" src=\"..\/..\/masog.gif\" alt=\"\" width=\"200\" height=\"40\" \/><\/p>\n<p><span style=\"font-size: x-small;\"><a href=\"http:\/\/amazan.online.fr\/\" target=\"_blank\" rel=\"noopener\"><img loading=\"lazy\" decoding=\"async\" src=\"..\/..\/images\/design\/mytho.jpg\" border=\"0\" alt=\"\" width=\"200\" height=\"39\" align=\"left\" \/><\/a><img loading=\"lazy\" decoding=\"async\" src=\"..\/..\/images\/design\/flagf.gif\" border=\"0\" alt=\"\" width=\"27\" height=\"18\" \/><span style=\"font-size: medium;\"><strong><a href=\"http:\/\/amazan.online.fr\/\" target=\"_blank\" rel=\"noopener\">Mytho<\/a><\/strong><\/span>: ce site, cr\u00e9e par Alexandre, parle du Japon, de ses mythes, de sa culture, mais surtout il s&rsquo;en sert honteusement pour dire tout le mal qu&rsquo;il pense des gens. Ne le prenez pas au s\u00e9rieux, et d\u00e9couvrez o\u00f9 les Clamps et d&rsquo;autres ont \u00e9t\u00e9 voler, heu, trouver leur inspiration. <\/span><br \/>\n<span style=\"font-size: x-small;\"><a href=\"http:\/\/www.multimania.com\/fenris\" target=\"_blank\" rel=\"noopener\"><img loading=\"lazy\" decoding=\"async\" src=\"..\/..\/images\/design\/fenrislg.jpg\" border=\"0\" alt=\"\" width=\"200\" height=\"39\" align=\"left\" \/><\/a><img loading=\"lazy\" decoding=\"async\" src=\"..\/..\/images\/design\/flagf.gif\" border=\"0\" alt=\"\" width=\"27\" height=\"18\" \/><strong><span style=\"font-size: medium;\"><a href=\"http:\/\/www.multimania.com\/fenris\" target=\"_blank\" rel=\"noopener\">Fenris den<\/a> <\/span> <\/strong> <big> : <\/big><span style=\"font-size: small;\"> la page de Fr\u00e9d\u00e9ric est consacr\u00e9e aux animaux sauvages, ce qu&rsquo;ils mangent, etc. Tr\u00e8s s\u00e9rieux, avec une approche scientifique de la chose. A voir pour tout ceux qui aiment les pr\u00e9dateurs. <\/span><\/span><br \/>\n<span style=\"font-size: x-small;\"><a href=\"http:\/\/www.chez.com\/legende\" target=\"_blank\" rel=\"noopener\"><img loading=\"lazy\" decoding=\"async\" src=\"..\/..\/images\/design\/yvain.jpg\" border=\"0\" alt=\"\" width=\"200\" height=\"39\" align=\"left\" \/><\/a><img loading=\"lazy\" decoding=\"async\" src=\"..\/..\/images\/design\/flagf.gif\" border=\"0\" alt=\"\" width=\"27\" height=\"18\" \/><strong><a href=\"http:\/\/www.chez.com\/legende\" target=\"_blank\" rel=\"noopener\"><span style=\"font-size: medium;\">Yvain le chevalier au lion<\/span><\/a> <\/strong><big>: <\/big><span style=\"font-size: small;\"> la meilleure page consacr\u00e9e \u00e0 cette oeuvre de Chr\u00e9tien de Troyes, et \u00e0 dire vrai&#8230; la seule. Alexandre l&rsquo;a faite en pensant que quelqu&rsquo;un pourrait \u00eatre int\u00e9ress\u00e9 (un coll\u00e9gien pour une fiche de lecture ?) mais en fait, non ^_^; . Si le mythe arthurien vous passionne, allez y mais vous feriez mieux d&rsquo;avoir d\u00e9j\u00e0 lu le livre, car ce site pr\u00e9tend surtout expliquer certaines sc\u00e8nes de ce r\u00e9cit (un r\u00e9sum\u00e9 est toutefois disponible). Sinon, nous esp\u00e9rons que son site vous donnera envie de vous (re)plonger dans cet ouvrage. <\/span> <\/span><\/p>\n<p align=\"left\"><span style=\"font-size: x-small;\"><a href=\"http:\/\/auroreblackcat.free.fr\/\" target=\"_blank\" rel=\"noopener\"><img loading=\"lazy\" decoding=\"async\" src=\"..\/..\/images\/design\/aurore.jpg\" border=\"0\" alt=\"\" width=\"200\" height=\"39\" align=\"left\" \/><\/a><img loading=\"lazy\" decoding=\"async\" src=\"..\/..\/images\/design\/flaguk.gif\" border=\"0\" alt=\"\" width=\"27\" height=\"18\" \/><strong><a href=\"http:\/\/auroreblackcat.free.fr\/\" target=\"_blank\" rel=\"noopener\"><span style=\"font-size: medium;\">BlackCat <\/span><\/a><span style=\"font-size: small;\">:<\/span><\/strong><span style=\"font-size: small;\"> une page de dessins originaux et fanart, par la dessinatrice de la BD Pixie, Aurore \u00ab\u00a0Black Cat\u00a0\u00bb Demilly.<\/span><\/span><\/p>\n","protected":false},"excerpt":{"rendered":"<p>Si vous d\u00e9sirez mettre un lien vers ce site, voici une banni\u00e8re anim\u00e9e \u00e0 accrocher o\u00f9 vous voulez dans votre page personnelle. Vous rajoutez cette ligne de code: &lt;a href=\u00a0\u00bbhttp:\/\/www.masog.net\u00a0\u00bb&gt;&lt;img border=\u00a0\u00bb0&Prime; src=\u00a0\u00bbhttp:\/\/www.masog.net\/masog.gif\u00a0\u00bb width=\u00a0\u00bb200&Prime; height=\u00a0\u00bb40&Prime;&gt;&lt;\/a&gt; et voil\u00e0 ! Son modeste poids de 1,9 Ko devrait vous satisfaire ^_^ Mytho: ce site, cr\u00e9e par Alexandre, parle du [&hellip;]<\/p>\n","protected":false},"author":2,"featured_media":1747,"parent":0,"menu_order":18,"comment_status":"open","ping_status":"open","template":"","meta":{"footnotes":""},"class_list":["post-12","page","type-page","status-publish","has-post-thumbnail","hentry"],"_links":{"self":[{"href":"http:\/\/masog.net\/wordpress\/wp-json\/wp\/v2\/pages\/12","targetHints":{"allow":["GET"]}}],"collection":[{"href":"http:\/\/masog.net\/wordpress\/wp-json\/wp\/v2\/pages"}],"about":[{"href":"http:\/\/masog.net\/wordpress\/wp-json\/wp\/v2\/types\/page"}],"author":[{"embeddable":true,"href":"http:\/\/masog.net\/wordpress\/wp-json\/wp\/v2\/users\/2"}],"replies":[{"embeddable":true,"href":"http:\/\/masog.net\/wordpress\/wp-json\/wp\/v2\/comments?post=12"}],"version-history":[{"count":0,"href":"http:\/\/masog.net\/wordpress\/wp-json\/wp\/v2\/pages\/12\/revisions"}],"wp:featuredmedia":[{"embeddable":true,"href":"http:\/\/masog.net\/wordpress\/wp-json\/wp\/v2\/media\/1747"}],"wp:attachment":[{"href":"http:\/\/masog.net\/wordpress\/wp-json\/wp\/v2\/media?parent=12"}],"curies":[{"name":"wp","href":"https:\/\/api.w.org\/{rel}","templated":true}]}}